{"id":1261,"date":"2025-11-26T09:14:27","date_gmt":"2025-11-26T09:14:27","guid":{"rendered":"https:\/\/constructoracardoner.com\/home\/"},"modified":"2026-03-18T14:12:22","modified_gmt":"2026-03-18T14:12:22","slug":"home","status":"publish","type":"page","link":"https:\/\/constructoracardoner.com\/ca\/","title":{"rendered":"Home"},"content":{"rendered":"","protected":false},"excerpt":{"rendered":"","protected":false},"author":6,"featured_media":0,"parent":0,"menu_order":0,"comment_status":"closed","ping_status":"closed","template":"templates\/template-flexible.php","meta":{"_acf_changed":false,"footnotes":""},"class_list":["post-1261","page","type-page","status-publish","hentry"],"acf":[],"yoast_head":"<!-- This site is optimized with the Yoast SEO plugin v27.3 - https:\/\/yoast.com\/product\/yoast-seo-wordpress\/ -->\n<title>Constructora del Cardoner, Espais que cuiden de tu<\/title>\n<meta name=\"description\" content=\"Constructora Cardoner, empresa de construcci\u00f3 l\u00edder en la creaci\u00f3 d\u2019espais i entorns habitables de qualitat que treballa pel benestar de les persones.\" \/>\n<meta name=\"robots\" content=\"index, follow, max-snippet:-1, max-image-preview:large, max-video-preview:-1\" \/>\n<link rel=\"canonical\" href=\"https:\/\/constructoracardoner.com\/ca\/\" \/>\n<meta property=\"og:locale\" content=\"ca_ES\" \/>\n<meta property=\"og:type\" content=\"article\" \/>\n<meta property=\"og:title\" content=\"Constructora del Cardoner, Espais que cuiden de tu\" \/>\n<meta property=\"og:description\" content=\"Constructora Cardoner, empresa de construcci\u00f3 l\u00edder en la creaci\u00f3 d\u2019espais i entorns habitables de qualitat que treballa pel benestar de les persones.\" \/>\n<meta property=\"og:url\" content=\"https:\/\/constructoracardoner.com\/ca\/\" \/>\n<meta property=\"og:site_name\" content=\"Constructora del Cardoner\" \/>\n<meta property=\"article:modified_time\" content=\"2026-03-18T14:12:22+00:00\" \/>\n<meta name=\"twitter:card\" content=\"summary_large_image\" \/>\n<script type=\"application\/ld+json\" class=\"yoast-schema-graph\">{\"@context\":\"https:\\\/\\\/schema.org\",\"@graph\":[{\"@type\":\"WebPage\",\"@id\":\"https:\\\/\\\/constructoracardoner.com\\\/ca\\\/\",\"url\":\"https:\\\/\\\/constructoracardoner.com\\\/ca\\\/\",\"name\":\"Constructora del Cardoner, Espais que cuiden de tu\",\"isPartOf\":{\"@id\":\"https:\\\/\\\/constructoracardoner.com\\\/ca\\\/#website\"},\"datePublished\":\"2025-11-26T09:14:27+00:00\",\"dateModified\":\"2026-03-18T14:12:22+00:00\",\"description\":\"Constructora Cardoner, empresa de construcci\u00f3 l\u00edder en la creaci\u00f3 d\u2019espais i entorns habitables de qualitat que treballa pel benestar de les persones.\",\"breadcrumb\":{\"@id\":\"https:\\\/\\\/constructoracardoner.com\\\/ca\\\/#breadcrumb\"},\"inLanguage\":\"ca\",\"potentialAction\":[{\"@type\":\"ReadAction\",\"target\":[\"https:\\\/\\\/constructoracardoner.com\\\/ca\\\/\"]}]},{\"@type\":\"BreadcrumbList\",\"@id\":\"https:\\\/\\\/constructoracardoner.com\\\/ca\\\/#breadcrumb\",\"itemListElement\":[{\"@type\":\"ListItem\",\"position\":1,\"name\":\"Portada\",\"item\":\"https:\\\/\\\/constructoracardoner.com\\\/ca\\\/\"},{\"@type\":\"ListItem\",\"position\":2,\"name\":\"Home\"}]},{\"@type\":\"WebSite\",\"@id\":\"https:\\\/\\\/constructoracardoner.com\\\/ca\\\/#website\",\"url\":\"https:\\\/\\\/constructoracardoner.com\\\/ca\\\/\",\"name\":\"Constructora del Cardoner\",\"description\":\"\",\"potentialAction\":[{\"@type\":\"SearchAction\",\"target\":{\"@type\":\"EntryPoint\",\"urlTemplate\":\"https:\\\/\\\/constructoracardoner.com\\\/ca\\\/?s={search_term_string}\"},\"query-input\":{\"@type\":\"PropertyValueSpecification\",\"valueRequired\":true,\"valueName\":\"search_term_string\"}}],\"inLanguage\":\"ca\"}]}<\/script>\n<!-- \/ Yoast SEO plugin. -->","yoast_head_json":{"title":"Constructora del Cardoner, Espais que cuiden de tu","description":"Constructora Cardoner, empresa de construcci\u00f3 l\u00edder en la creaci\u00f3 d\u2019espais i entorns habitables de qualitat que treballa pel benestar de les persones.","robots":{"index":"index","follow":"follow","max-snippet":"max-snippet:-1","max-image-preview":"max-image-preview:large","max-video-preview":"max-video-preview:-1"},"canonical":"https:\/\/constructoracardoner.com\/ca\/","og_locale":"ca_ES","og_type":"article","og_title":"Constructora del Cardoner, Espais que cuiden de tu","og_description":"Constructora Cardoner, empresa de construcci\u00f3 l\u00edder en la creaci\u00f3 d\u2019espais i entorns habitables de qualitat que treballa pel benestar de les persones.","og_url":"https:\/\/constructoracardoner.com\/ca\/","og_site_name":"Constructora del Cardoner","article_modified_time":"2026-03-18T14:12:22+00:00","twitter_card":"summary_large_image","schema":{"@context":"https:\/\/schema.org","@graph":[{"@type":"WebPage","@id":"https:\/\/constructoracardoner.com\/ca\/","url":"https:\/\/constructoracardoner.com\/ca\/","name":"Constructora del Cardoner, Espais que cuiden de tu","isPartOf":{"@id":"https:\/\/constructoracardoner.com\/ca\/#website"},"datePublished":"2025-11-26T09:14:27+00:00","dateModified":"2026-03-18T14:12:22+00:00","description":"Constructora Cardoner, empresa de construcci\u00f3 l\u00edder en la creaci\u00f3 d\u2019espais i entorns habitables de qualitat que treballa pel benestar de les persones.","breadcrumb":{"@id":"https:\/\/constructoracardoner.com\/ca\/#breadcrumb"},"inLanguage":"ca","potentialAction":[{"@type":"ReadAction","target":["https:\/\/constructoracardoner.com\/ca\/"]}]},{"@type":"BreadcrumbList","@id":"https:\/\/constructoracardoner.com\/ca\/#breadcrumb","itemListElement":[{"@type":"ListItem","position":1,"name":"Portada","item":"https:\/\/constructoracardoner.com\/ca\/"},{"@type":"ListItem","position":2,"name":"Home"}]},{"@type":"WebSite","@id":"https:\/\/constructoracardoner.com\/ca\/#website","url":"https:\/\/constructoracardoner.com\/ca\/","name":"Constructora del Cardoner","description":"","potentialAction":[{"@type":"SearchAction","target":{"@type":"EntryPoint","urlTemplate":"https:\/\/constructoracardoner.com\/ca\/?s={search_term_string}"},"query-input":{"@type":"PropertyValueSpecification","valueRequired":true,"valueName":"search_term_string"}}],"inLanguage":"ca"}]}},"_links":{"self":[{"href":"https:\/\/constructoracardoner.com\/ca\/wp-json\/wp\/v2\/pages\/1261","targetHints":{"allow":["GET"]}}],"collection":[{"href":"https:\/\/constructoracardoner.com\/ca\/wp-json\/wp\/v2\/pages"}],"about":[{"href":"https:\/\/constructoracardoner.com\/ca\/wp-json\/wp\/v2\/types\/page"}],"author":[{"embeddable":true,"href":"https:\/\/constructoracardoner.com\/ca\/wp-json\/wp\/v2\/users\/6"}],"replies":[{"embeddable":true,"href":"https:\/\/constructoracardoner.com\/ca\/wp-json\/wp\/v2\/comments?post=1261"}],"version-history":[{"count":30,"href":"https:\/\/constructoracardoner.com\/ca\/wp-json\/wp\/v2\/pages\/1261\/revisions"}],"predecessor-version":[{"id":3509,"href":"https:\/\/constructoracardoner.com\/ca\/wp-json\/wp\/v2\/pages\/1261\/revisions\/3509"}],"wp:attachment":[{"href":"https:\/\/constructoracardoner.com\/ca\/wp-json\/wp\/v2\/media?parent=1261"}],"curies":[{"name":"wp","href":"https:\/\/api.w.org\/{rel}","templated":true}]}}