{"id":1380,"date":"2026-01-14T12:00:13","date_gmt":"2026-01-14T12:00:13","guid":{"rendered":"https:\/\/constructoracardoner.com\/esg\/"},"modified":"2026-02-24T23:12:16","modified_gmt":"2026-02-24T23:12:16","slug":"esg","status":"publish","type":"page","link":"https:\/\/constructoracardoner.com\/en\/esg\/","title":{"rendered":"ESG"},"content":{"rendered":"","protected":false},"excerpt":{"rendered":"","protected":false},"author":6,"featured_media":0,"parent":0,"menu_order":0,"comment_status":"closed","ping_status":"closed","template":"templates\/template-flexible.php","meta":{"_acf_changed":false,"footnotes":""},"class_list":["post-1380","page","type-page","status-publish","hentry"],"acf":[],"yoast_head":"<!-- This site is optimized with the Yoast SEO plugin v27.3 - https:\/\/yoast.com\/product\/yoast-seo-wordpress\/ -->\n<title>ESG - Constructora Sostenible<\/title>\n<meta name=\"description\" content=\"En Constructora Cardoner, apostamos por la sostenibilidad y la gesti\u00f3n ESG a trav\u00e9s de la formaci\u00f3n y la innovaci\u00f3n continua.\" \/>\n<meta name=\"robots\" content=\"index, follow, max-snippet:-1, max-image-preview:large, max-video-preview:-1\" \/>\n<link rel=\"canonical\" href=\"https:\/\/constructoracardoner.com\/en\/esg\/\" \/>\n<meta property=\"og:locale\" content=\"en_US\" \/>\n<meta property=\"og:type\" content=\"article\" \/>\n<meta property=\"og:title\" content=\"ESG - Constructora Sostenible\" \/>\n<meta property=\"og:description\" content=\"En Constructora Cardoner, apostamos por la sostenibilidad y la gesti\u00f3n ESG a trav\u00e9s de la formaci\u00f3n y la innovaci\u00f3n continua.\" \/>\n<meta property=\"og:url\" content=\"https:\/\/constructoracardoner.com\/en\/esg\/\" \/>\n<meta property=\"og:site_name\" content=\"Constructora del Cardoner\" \/>\n<meta property=\"article:modified_time\" content=\"2026-02-24T23:12:16+00:00\" \/>\n<meta name=\"twitter:card\" content=\"summary_large_image\" \/>\n<script type=\"application\/ld+json\" class=\"yoast-schema-graph\">{\"@context\":\"https:\\\/\\\/schema.org\",\"@graph\":[{\"@type\":\"WebPage\",\"@id\":\"https:\\\/\\\/constructoracardoner.com\\\/en\\\/esg\\\/\",\"url\":\"https:\\\/\\\/constructoracardoner.com\\\/en\\\/esg\\\/\",\"name\":\"ESG - Constructora Sostenible\",\"isPartOf\":{\"@id\":\"https:\\\/\\\/constructoracardoner.com\\\/en\\\/#website\"},\"datePublished\":\"2026-01-14T12:00:13+00:00\",\"dateModified\":\"2026-02-24T23:12:16+00:00\",\"description\":\"En Constructora Cardoner, apostamos por la sostenibilidad y la gesti\u00f3n ESG a trav\u00e9s de la formaci\u00f3n y la innovaci\u00f3n continua.\",\"breadcrumb\":{\"@id\":\"https:\\\/\\\/constructoracardoner.com\\\/en\\\/esg\\\/#breadcrumb\"},\"inLanguage\":\"en-US\",\"potentialAction\":[{\"@type\":\"ReadAction\",\"target\":[\"https:\\\/\\\/constructoracardoner.com\\\/en\\\/esg\\\/\"]}]},{\"@type\":\"BreadcrumbList\",\"@id\":\"https:\\\/\\\/constructoracardoner.com\\\/en\\\/esg\\\/#breadcrumb\",\"itemListElement\":[{\"@type\":\"ListItem\",\"position\":1,\"name\":\"Portada\",\"item\":\"https:\\\/\\\/constructoracardoner.com\\\/en\\\/\"},{\"@type\":\"ListItem\",\"position\":2,\"name\":\"ESG\"}]},{\"@type\":\"WebSite\",\"@id\":\"https:\\\/\\\/constructoracardoner.com\\\/en\\\/#website\",\"url\":\"https:\\\/\\\/constructoracardoner.com\\\/en\\\/\",\"name\":\"Constructora del Cardoner\",\"description\":\"\",\"potentialAction\":[{\"@type\":\"SearchAction\",\"target\":{\"@type\":\"EntryPoint\",\"urlTemplate\":\"https:\\\/\\\/constructoracardoner.com\\\/en\\\/?s={search_term_string}\"},\"query-input\":{\"@type\":\"PropertyValueSpecification\",\"valueRequired\":true,\"valueName\":\"search_term_string\"}}],\"inLanguage\":\"en-US\"}]}<\/script>\n<!-- \/ Yoast SEO plugin. -->","yoast_head_json":{"title":"ESG - Constructora Sostenible","description":"En Constructora Cardoner, apostamos por la sostenibilidad y la gesti\u00f3n ESG a trav\u00e9s de la formaci\u00f3n y la innovaci\u00f3n continua.","robots":{"index":"index","follow":"follow","max-snippet":"max-snippet:-1","max-image-preview":"max-image-preview:large","max-video-preview":"max-video-preview:-1"},"canonical":"https:\/\/constructoracardoner.com\/en\/esg\/","og_locale":"en_US","og_type":"article","og_title":"ESG - Constructora Sostenible","og_description":"En Constructora Cardoner, apostamos por la sostenibilidad y la gesti\u00f3n ESG a trav\u00e9s de la formaci\u00f3n y la innovaci\u00f3n continua.","og_url":"https:\/\/constructoracardoner.com\/en\/esg\/","og_site_name":"Constructora del Cardoner","article_modified_time":"2026-02-24T23:12:16+00:00","twitter_card":"summary_large_image","schema":{"@context":"https:\/\/schema.org","@graph":[{"@type":"WebPage","@id":"https:\/\/constructoracardoner.com\/en\/esg\/","url":"https:\/\/constructoracardoner.com\/en\/esg\/","name":"ESG - Constructora Sostenible","isPartOf":{"@id":"https:\/\/constructoracardoner.com\/en\/#website"},"datePublished":"2026-01-14T12:00:13+00:00","dateModified":"2026-02-24T23:12:16+00:00","description":"En Constructora Cardoner, apostamos por la sostenibilidad y la gesti\u00f3n ESG a trav\u00e9s de la formaci\u00f3n y la innovaci\u00f3n continua.","breadcrumb":{"@id":"https:\/\/constructoracardoner.com\/en\/esg\/#breadcrumb"},"inLanguage":"en-US","potentialAction":[{"@type":"ReadAction","target":["https:\/\/constructoracardoner.com\/en\/esg\/"]}]},{"@type":"BreadcrumbList","@id":"https:\/\/constructoracardoner.com\/en\/esg\/#breadcrumb","itemListElement":[{"@type":"ListItem","position":1,"name":"Portada","item":"https:\/\/constructoracardoner.com\/en\/"},{"@type":"ListItem","position":2,"name":"ESG"}]},{"@type":"WebSite","@id":"https:\/\/constructoracardoner.com\/en\/#website","url":"https:\/\/constructoracardoner.com\/en\/","name":"Constructora del Cardoner","description":"","potentialAction":[{"@type":"SearchAction","target":{"@type":"EntryPoint","urlTemplate":"https:\/\/constructoracardoner.com\/en\/?s={search_term_string}"},"query-input":{"@type":"PropertyValueSpecification","valueRequired":true,"valueName":"search_term_string"}}],"inLanguage":"en-US"}]}},"_links":{"self":[{"href":"https:\/\/constructoracardoner.com\/en\/wp-json\/wp\/v2\/pages\/1380","targetHints":{"allow":["GET"]}}],"collection":[{"href":"https:\/\/constructoracardoner.com\/en\/wp-json\/wp\/v2\/pages"}],"about":[{"href":"https:\/\/constructoracardoner.com\/en\/wp-json\/wp\/v2\/types\/page"}],"author":[{"embeddable":true,"href":"https:\/\/constructoracardoner.com\/en\/wp-json\/wp\/v2\/users\/6"}],"replies":[{"embeddable":true,"href":"https:\/\/constructoracardoner.com\/en\/wp-json\/wp\/v2\/comments?post=1380"}],"version-history":[{"count":20,"href":"https:\/\/constructoracardoner.com\/en\/wp-json\/wp\/v2\/pages\/1380\/revisions"}],"predecessor-version":[{"id":3197,"href":"https:\/\/constructoracardoner.com\/en\/wp-json\/wp\/v2\/pages\/1380\/revisions\/3197"}],"wp:attachment":[{"href":"https:\/\/constructoracardoner.com\/en\/wp-json\/wp\/v2\/media?parent=1380"}],"curies":[{"name":"wp","href":"https:\/\/api.w.org\/{rel}","templated":true}]}}